{"id":8,"date":"2025-12-11T14:40:03","date_gmt":"2025-12-11T13:40:03","guid":{"rendered":"https:\/\/pellet-wlodarczyk.pl\/?page_id=8"},"modified":"2026-02-04T22:47:32","modified_gmt":"2026-02-04T21:47:32","slug":"front_page","status":"publish","type":"page","link":"https:\/\/pellet-wlodarczyk.pl\/","title":{"rendered":"Opa\u0142 zakrzewo"},"content":{"rendered":"\n\n\n\n\n<div class=\"wp-block-columns is-layout-flex wp-container-core-columns-is-layout-28f84493 wp-block-columns-is-layout-flex\">\n<div class=\"wp-block-column is-vertically-aligned-stretch is-layout-flow wp-block-column-is-layout-flow\" style=\"flex-basis:100%\"><\/div>\n<\/div>\n\n\n\n\n\n\n\n\n\n\n\n\n\n\n\n\n\n\n\n\n\n\n\n\n\n\n\n\n\n\n<section class=\"map-section\">\n    <div class=\"map-container\">\n\n        <div class=\"map-info\">\n            <h2>Jak do nas trafi\u0107?<\/h2>\n            <p class=\"desc\">\n                Nasz sk\u0142ad opa\u0142u znajduje si\u0119 w Zakrzewie. Zapraszamy po pellet, drewno opa\u0142owe i brykiet \u2013 \n                odbi\u00f3r osobisty lub szybka dostawa pod wskazany adres.\n            <\/p>\n\n            <div class=\"info-box\">\n                <p><strong>PELLET W\u0142odarczyk \u2013 Sk\u0142ad opa\u0142u<\/strong><\/p>\n                <p>Janiny K\u0142opockiej 28<br>77-424 Zakrzewo<\/p>\n                <p>\ud83d\udcde <a href=\"tel:+48123456789\">+48 123 456 789<\/a><\/p>\n                <p>\u2709 <a href=\"mailto:biuro@pellet-wlodarczyk.pl\">biuro@pellet-wlodarczyk.pl<\/a><\/p>\n            <\/div>\n\n            <a href=\"https:\/\/www.google.com\/maps\/dir\/?api=1&#038;destination=PELLET+W\u0142odarczyk+Zakrzewo\" \n               target=\"_blank\" class=\"btn-map\">\n               \ud83d\udccd Wyznacz tras\u0119 w Google Maps\n            <\/a>\n       <\/div>\n   <div class=\"map-frame\">\n            <iframe \n                src=\"https:\/\/www.google.com\/maps\/embed?pb=!1m18!1m12!1m3!1d4756.638798849497!2d17.14328670373479!3d53.40911373923031!2m3!1f0!2f0!3f0!3m2!1i1024!2i768!4f13.1!3m3!1m2!1s0x4703c9c922d4db29%3A0x4495930d93837e09!2sPELLET%20W%C5%82odarczyk%20%E2%80%93%20Pellet%20Zakrzewo%2C%20Drewno%20Opa%C5%82owe%2C%20Brykiet%20Opa%C5%82owy%20%7C%20Sk%C5%82ad%20Opa%C5%82u%20i%20Dostawa%20Opa%C5%82u!5e0!3m2!1spl!2spl!4v1765464012018!5m2!1spl!2spl\" \n                width=\"100%\" \n                height=\"100%\" \n                style=\"border:0;\" \n                allowfullscreen=\"\" \n                loading=\"lazy\">\n            <\/iframe>\n        <\/div>\n\n   \n\n    <\/div>\n<\/section>\n\n","protected":false},"excerpt":{"rendered":"<p>Jak do nas trafi\u0107? Nasz sk\u0142ad opa\u0142u znajduje si\u0119 w Zakrzewie. Zapraszamy po pellet, drewno opa\u0142owe i brykiet \u2013 odbi\u00f3r osobisty lub szybka dostawa pod wskazany adres. PELLET W\u0142odarczyk \u2013 Sk\u0142ad opa\u0142u Janiny K\u0142opockiej 2877-424 Zakrzewo \ud83d\udcde +48 123 456 789 \u2709 biuro@pellet-wlodarczyk.pl \ud83d\udccd Wyznacz tras\u0119 w Google Maps<\/p>\n","protected":false},"author":1,"featured_media":0,"parent":0,"menu_order":0,"comment_status":"closed","ping_status":"closed","template":"","meta":{"saved_in_kubio":true,"footnotes":""},"class_list":["post-8","page","type-page","status-publish","hentry"],"kubio_ai_page_context":{"short_desc":"","purpose":"general"},"_links":{"self":[{"href":"https:\/\/pellet-wlodarczyk.pl\/index.php?rest_route=\/wp\/v2\/pages\/8","targetHints":{"allow":["GET"]}}],"collection":[{"href":"https:\/\/pellet-wlodarczyk.pl\/index.php?rest_route=\/wp\/v2\/pages"}],"about":[{"href":"https:\/\/pellet-wlodarczyk.pl\/index.php?rest_route=\/wp\/v2\/types\/page"}],"author":[{"embeddable":true,"href":"https:\/\/pellet-wlodarczyk.pl\/index.php?rest_route=\/wp\/v2\/users\/1"}],"replies":[{"embeddable":true,"href":"https:\/\/pellet-wlodarczyk.pl\/index.php?rest_route=%2Fwp%2Fv2%2Fcomments&post=8"}],"version-history":[{"count":49,"href":"https:\/\/pellet-wlodarczyk.pl\/index.php?rest_route=\/wp\/v2\/pages\/8\/revisions"}],"predecessor-version":[{"id":165,"href":"https:\/\/pellet-wlodarczyk.pl\/index.php?rest_route=\/wp\/v2\/pages\/8\/revisions\/165"}],"wp:attachment":[{"href":"https:\/\/pellet-wlodarczyk.pl\/index.php?rest_route=%2Fwp%2Fv2%2Fmedia&parent=8"}],"curies":[{"name":"wp","href":"https:\/\/api.w.org\/{rel}","templated":true}]}}